{"id":17582,"date":"2024-07-08T11:40:32","date_gmt":"2024-07-08T11:40:32","guid":{"rendered":"https:\/\/elson-group.com\/?post_type=product&#038;p=17582"},"modified":"2024-07-11T12:19:42","modified_gmt":"2024-07-11T12:19:42","slug":"mal-dirnagi","status":"publish","type":"product","link":"https:\/\/elson-group.com\/en\/product\/mal-dirnagi\/","title":{"rendered":"Dana d\u0131rna\u011f\u0131"},"content":{"rendered":"","protected":false},"excerpt":{"rendered":"","protected":false},"featured_media":17601,"template":"","meta":[],"product_brand":[],"product_cat":[87],"product_tag":[],"class_list":{"0":"post-17582","1":"product","2":"type-product","3":"status-publish","4":"has-post-thumbnail","6":"product_cat-et-mhsullari","8":"first","9":"instock","10":"shipping-taxable","11":"product-type-simple"},"_links":{"self":[{"href":"https:\/\/elson-group.com\/en\/wp-json\/wp\/v2\/product\/17582","targetHints":{"allow":["GET"]}}],"collection":[{"href":"https:\/\/elson-group.com\/en\/wp-json\/wp\/v2\/product"}],"about":[{"href":"https:\/\/elson-group.com\/en\/wp-json\/wp\/v2\/types\/product"}],"version-history":[{"count":2,"href":"https:\/\/elson-group.com\/en\/wp-json\/wp\/v2\/product\/17582\/revisions"}],"predecessor-version":[{"id":17855,"href":"https:\/\/elson-group.com\/en\/wp-json\/wp\/v2\/product\/17582\/revisions\/17855"}],"wp:featuredmedia":[{"embeddable":true,"href":"https:\/\/elson-group.com\/en\/wp-json\/wp\/v2\/media\/17601"}],"wp:attachment":[{"href":"https:\/\/elson-group.com\/en\/wp-json\/wp\/v2\/media?parent=17582"}],"wp:term":[{"taxonomy":"product_brand","embeddable":true,"href":"https:\/\/elson-group.com\/en\/wp-json\/wp\/v2\/product_brand?post=17582"},{"taxonomy":"product_cat","embeddable":true,"href":"https:\/\/elson-group.com\/en\/wp-json\/wp\/v2\/product_cat?post=17582"},{"taxonomy":"product_tag","embeddable":true,"href":"https:\/\/elson-group.com\/en\/wp-json\/wp\/v2\/product_tag?post=17582"}],"curies":[{"name":"wp","href":"https:\/\/api.w.org\/{rel}","templated":true}]}}