{"id":17649,"date":"2024-07-08T12:54:49","date_gmt":"2024-07-08T12:54:49","guid":{"rendered":"https:\/\/elson-group.com\/?post_type=product&#038;p=17649"},"modified":"2024-07-08T12:54:50","modified_gmt":"2024-07-08T12:54:50","slug":"it-yemi-mal-qulagi-2","status":"publish","type":"product","link":"https:\/\/elson-group.com\/en\/product\/it-yemi-mal-qulagi-2\/","title":{"rendered":"\u0130t yemi &#8211; mal qula\u011f\u0131"},"content":{"rendered":"","protected":false},"excerpt":{"rendered":"","protected":false},"featured_media":17650,"template":"","meta":[],"product_brand":[],"product_cat":[87],"product_tag":[],"class_list":{"0":"post-17649","1":"product","2":"type-product","3":"status-publish","4":"has-post-thumbnail","6":"product_cat-et-mhsullari","8":"first","9":"instock","10":"shipping-taxable","11":"product-type-simple"},"_links":{"self":[{"href":"https:\/\/elson-group.com\/en\/wp-json\/wp\/v2\/product\/17649","targetHints":{"allow":["GET"]}}],"collection":[{"href":"https:\/\/elson-group.com\/en\/wp-json\/wp\/v2\/product"}],"about":[{"href":"https:\/\/elson-group.com\/en\/wp-json\/wp\/v2\/types\/product"}],"version-history":[{"count":1,"href":"https:\/\/elson-group.com\/en\/wp-json\/wp\/v2\/product\/17649\/revisions"}],"predecessor-version":[{"id":17653,"href":"https:\/\/elson-group.com\/en\/wp-json\/wp\/v2\/product\/17649\/revisions\/17653"}],"wp:featuredmedia":[{"embeddable":true,"href":"https:\/\/elson-group.com\/en\/wp-json\/wp\/v2\/media\/17650"}],"wp:attachment":[{"href":"https:\/\/elson-group.com\/en\/wp-json\/wp\/v2\/media?parent=17649"}],"wp:term":[{"taxonomy":"product_brand","embeddable":true,"href":"https:\/\/elson-group.com\/en\/wp-json\/wp\/v2\/product_brand?post=17649"},{"taxonomy":"product_cat","embeddable":true,"href":"https:\/\/elson-group.com\/en\/wp-json\/wp\/v2\/product_cat?post=17649"},{"taxonomy":"product_tag","embeddable":true,"href":"https:\/\/elson-group.com\/en\/wp-json\/wp\/v2\/product_tag?post=17649"}],"curies":[{"name":"wp","href":"https:\/\/api.w.org\/{rel}","templated":true}]}}